{"id":42,"date":"2024-09-24T19:25:54","date_gmt":"2024-09-24T17:25:54","guid":{"rendered":"https:\/\/www.independientesnoneutrales.cl\/tienda\/?post_type=product&#038;p=42"},"modified":"2025-04-25T05:06:25","modified_gmt":"2025-04-25T03:06:25","slug":"bihecol","status":"publish","type":"product","link":"https:\/\/www.independientesnoneutrales.cl\/tienda\/product\/bihecol\/","title":{"rendered":"Bihecol capsulas comprar"},"content":{"rendered":"<table>\n<tbody>\n<tr>\n<td>Sitio web<\/td>\n<td><a href=\"https:\/\/www.bihecol.store\/\">bihecol.store<\/a><\/td>\n<\/tr>\n<tr>\n<td>Acci\u00f3n<\/td>\n<td>\u2714 Previene ataques card\u00edacos;<br \/>\n\u2714 Ayuda a eliminar varias causas subyacentes de la presi\u00f3n arterial alta;<br \/>\n\u2714 Normaliza los niveles de colesterol.<\/td>\n<\/tr>\n<tr>\n<td>Componentes<\/td>\n<td>Consta de ingredientes completamente naturales que afectan r\u00e1pidamente la presi\u00f3n arterial alta.<\/td>\n<\/tr>\n<tr>\n<td>Instrucciones de uso<\/td>\n<td>\u2714 Debes tomar 3 c\u00e1psulas al d\u00eda.<br \/>\n\u2714 Beber abundante agua.<br \/>\n\u2714 Tomar antes de las comidas.<br \/>\n\u2714 No interrumpir durante 30 d\u00edas.<\/td>\n<\/tr>\n<tr>\n<td>Volumen<\/td>\n<td>30 c\u00e1psulas<\/td>\n<\/tr>\n<tr>\n<td>Precio<\/td>\n<td>\ud83d\uded1 780 MXN<\/td>\n<\/tr>\n<tr>\n<td>Entrega<\/td>\n<td>3-4 d\u00edas<\/td>\n<\/tr>\n<\/tbody>\n<\/table>\n<h2><b>C\u00e1psulas Bihecol para la hipertensi\u00f3n: \u00a1restablece la salud en unos d\u00edas!<\/b><\/h2>\n<p><img loading=\"lazy\" decoding=\"async\" class=\"aligncenter size-full wp-image-19\" src=\"http:\/\/www.independientesnoneutrales.cl\/tienda\/wp-content\/uploads\/2024\/09\/Bihecol-5.jpg\" alt=\"Bihecol funciona\" width=\"500\" height=\"360\" srcset=\"https:\/\/www.independientesnoneutrales.cl\/tienda\/wp-content\/uploads\/2024\/09\/Bihecol-5.jpg 500w, https:\/\/www.independientesnoneutrales.cl\/tienda\/wp-content\/uploads\/2024\/09\/Bihecol-5-300x216.jpg 300w, https:\/\/www.independientesnoneutrales.cl\/tienda\/wp-content\/uploads\/2024\/09\/Bihecol-5-400x288.jpg 400w\" sizes=\"(max-width: 500px) 100vw, 500px\" \/><\/p>\n<p>Para qu\u00e9 sirve c\u00e1psulas Bihecol, un producto natural de origen vegetal que puede prevenir o tratar eficazmente la hipertensi\u00f3n arterial. \u00bfEst\u00e1s constantemente estresado y ansioso? \u00bfLlevas un estilo de vida poco saludable? Muchos estudios han demostrado que un estilo de vida sedentario y estresante y la presi\u00f3n arterial alta y la obesidad resultantes son factores de riesgo graves de ataque card\u00edaco.<\/p>\n<p>Debido a que la presi\u00f3n arterial alta inicialmente no causa s\u00edntomas, la mayor\u00eda de los pacientes no se dan cuenta de que necesitan consultar a un m\u00e9dico. La detecci\u00f3n y el tratamiento tempranos de la hipertensi\u00f3n son muy importantes para evitar complicaciones m\u00e1s graves en el futuro.<\/p>\n<p>La eficacia de las c\u00e1psulas Bihecol, que contienen \u00fanicamente ingredientes naturales, est\u00e1 confirmada por las opiniones de los usuarios actuales. \u00a1El producto volvi\u00f3 a recibir excelentes cr\u00edticas este a\u00f1o! Si est\u00e1 interesado en c\u00f3mo funciona el producto y qu\u00e9 resultados informan los usuarios, siga leyendo.<\/p>\n<h2><b>Causas de la hipertensi\u00f3n<\/b><\/h2>\n<p>Alrededor del 40% de las personas mayores tienen presi\u00f3n arterial alta. Estamos hablando de hipertensi\u00f3n primaria (esencial), que no est\u00e1 causada por ning\u00fan motivo espec\u00edfico. A\u00fan no se han identificado los factores que provocan un aumento de la presi\u00f3n arterial y el desarrollo de hipertensi\u00f3n arterial esencial. No se sabe por qu\u00e9 aumenta la actividad del sistema nervioso simp\u00e1tico y por qu\u00e9 se liberan grandes cantidades de hormonas vasoconstrictoras en la sangre. Por tanto, el tratamiento principal no est\u00e1 dirigido a eliminar la causa, sino a combatir los s\u00edntomas que han surgido.<\/p>\n<p>Los representantes de la generaci\u00f3n m\u00e1s joven, especialmente los hombres, a menudo experimentan aumentos repentinos de la presi\u00f3n arterial y su posterior disminuci\u00f3n a la normalidad sin tomar medicamentos. Esta forma de hipertensi\u00f3n suele ser causada por el tabaquismo, el estr\u00e9s, el estr\u00e9s psicoemocional, la actividad f\u00edsica, el consumo excesivo de alcohol y las bebidas vasoconstrictoras (caf\u00e9, bebidas energ\u00e9ticas).<\/p>\n<p>Si se conoce la causa de la patolog\u00eda, entonces estamos hablando de hipertensi\u00f3n arterial secundaria. Sus razones pueden ser:<\/p>\n<ol>\n<li aria-level=\"1\"><b>Enfermedades renales.<\/b> Cuando disminuye la intensidad de la circulaci\u00f3n sangu\u00ednea en los ri\u00f1ones, liberan sustancias que contribuyen a un aumento de la presi\u00f3n arterial y est\u00e1n dise\u00f1adas para normalizar el flujo sangu\u00edneo. La hipertensi\u00f3n puede ocurrir debido a urolitiasis, glomerulonefritis cr\u00f3nica, pielonefritis y otras enfermedades. La presi\u00f3n arterial puede aumentar en pacientes con estenosis (estrechamiento) de la arteria renal u otras patolog\u00edas vasculares.<\/li>\n<li aria-level=\"1\"><b>Enfermedades endocrinas.<\/b> El aumento de la producci\u00f3n de hormonas tiroideas en pacientes con tirotoxicosis provoca palpitaciones, aumento de la presi\u00f3n arterial sist\u00f3lica y aparici\u00f3n de bocio. Una disminuci\u00f3n de los niveles hormonales en pacientes con hipotiroidismo conduce al hecho de que la resistencia perif\u00e9rica en los vasos comienza a aumentar, lo que resulta en un aumento de la presi\u00f3n. En el caso de un tumor suprarrenal, el paciente libera una gran cantidad de adrenalina y norepinefrina, lo que provoca fuertes aumentos de la presi\u00f3n arterial.<\/li>\n<li aria-level=\"1\"><b>Enfermedades del coraz\u00f3n y de los vasos sangu\u00edneos.<\/b> Diversas patolog\u00edas cong\u00e9nitas y adquiridas de los vasos sangu\u00edneos y del coraz\u00f3n pueden servir como factores que conducen al desarrollo de hipertensi\u00f3n arterial.<\/li>\n<\/ol>\n<h2><b>\u00bfPor qu\u00e9 se necesita el medicamento Bihecol?<\/b><\/h2>\n<p><img loading=\"lazy\" decoding=\"async\" class=\"aligncenter size-full wp-image-18\" src=\"http:\/\/www.independientesnoneutrales.cl\/tienda\/wp-content\/uploads\/2024\/09\/Bihecol-4.jpg\" alt=\"Bihecol como se aplica\" width=\"500\" height=\"370\" srcset=\"https:\/\/www.independientesnoneutrales.cl\/tienda\/wp-content\/uploads\/2024\/09\/Bihecol-4.jpg 500w, https:\/\/www.independientesnoneutrales.cl\/tienda\/wp-content\/uploads\/2024\/09\/Bihecol-4-300x222.jpg 300w, https:\/\/www.independientesnoneutrales.cl\/tienda\/wp-content\/uploads\/2024\/09\/Bihecol-4-400x296.jpg 400w\" sizes=\"(max-width: 500px) 100vw, 500px\" \/><\/p>\n<p>Los mejores especialistas han desarrollado durante 8 a\u00f1os un producto nuevo e innovador que contiene \u00fanicamente ingredientes naturales Bihecol en forma de c\u00e1psulas resultados reales. Es un complemento alimenticio muy eficaz en forma de c\u00e1psulas que puede atacar directamente las causas de la hipertensi\u00f3n, reduciendo as\u00ed los problemas de presi\u00f3n arterial de forma permanente. Favorece la circulaci\u00f3n sangu\u00ednea, previene las venas varicosas y los co\u00e1gulos sangu\u00edneos, reduce el colesterol en sangre, los niveles altos de az\u00facar en sangre y promueve el buen funcionamiento del sistema nervioso.<\/p>\n<h2><b>\u00bfC\u00f3mo funcionan las c\u00e1psulas Bihecol?<\/b><\/h2>\n<p>La hipertensi\u00f3n arterial es una enfermedad insidiosa porque no causa ning\u00fan s\u00edntoma durante mucho tiempo. Por lo general, cuando aparecen los primeros s\u00edntomas, todo ya est\u00e1 muy mal. Pero, \u00bfa qu\u00e9 s\u00edntomas debes prestar atenci\u00f3n?<\/p>\n<h2><b>\u00bfPor qu\u00e9 elegir las c\u00e1psulas?<\/b><\/h2>\n<p>Ingredientes 100% naturales: Bihecol funciona contiene ingredientes activos naturales esenciales para la salud cardiovascular. No contiene qu\u00edmicos y no tiene efectos secundarios.<\/p>\n<ul>\n<li aria-level=\"1\"><b>Previene infartos.<\/b> En los primeros d\u00edas se puede sentir un r\u00e1pido inicio de acci\u00f3n, nuevas fuerzas y un mayor bienestar. Muchas enfermedades cardiovasculares se pueden prevenir llevando un estilo de vida m\u00e1s saludable, haciendo m\u00e1s ejercicio, dejando de fumar y usando c\u00e1psulas Bihecol con regularidad. Tambi\u00e9n puede ser eficaz en el tratamiento de s\u00edntomas leves que ya se han desarrollado.<\/li>\n<li aria-level=\"1\"><b>M\u00faltiples beneficios:<\/b> Ayuda a abordar varias causas subyacentes de la presi\u00f3n arterial alta: normaliza los niveles de colesterol, mejora el flujo sangu\u00edneo y la circulaci\u00f3n, fortalece los vasos sangu\u00edneos y previene los co\u00e1gulos sangu\u00edneos. Mejora el metabolismo y favorece el buen funcionamiento del sistema nervioso.<\/li>\n<li aria-level=\"1\"><b>De acci\u00f3n r\u00e1pida y segura:<\/b> estabiliza la presi\u00f3n arterial en una semana sin provocar fluctuaciones repentinas de presi\u00f3n.<\/li>\n<\/ul>\n<h2><b>\u00bfCu\u00e1l es la composici\u00f3n de Bihecol es bueno o malo?<\/b><\/h2>\n<p><img loading=\"lazy\" decoding=\"async\" class=\"aligncenter size-full wp-image-17\" src=\"http:\/\/www.independientesnoneutrales.cl\/tienda\/wp-content\/uploads\/2024\/09\/Bihecol-3.jpg\" alt=\"Bihecol como se usa el\" width=\"500\" height=\"392\" srcset=\"https:\/\/www.independientesnoneutrales.cl\/tienda\/wp-content\/uploads\/2024\/09\/Bihecol-3.jpg 500w, https:\/\/www.independientesnoneutrales.cl\/tienda\/wp-content\/uploads\/2024\/09\/Bihecol-3-300x235.jpg 300w, https:\/\/www.independientesnoneutrales.cl\/tienda\/wp-content\/uploads\/2024\/09\/Bihecol-3-383x300.jpg 383w\" sizes=\"(max-width: 500px) 100vw, 500px\" \/><\/p>\n<p>La incidencia de hipertensi\u00f3n es muy alta, una de cada tres personas la padece. Los s\u00edntomas de la presi\u00f3n arterial alta incluyen dolores de cabeza, mareos, fatiga, tinnitus, latidos card\u00edacos irregulares y dolor en el pecho.<\/p>\n<p>Las causas m\u00e1s comunes de presi\u00f3n arterial alta son el estr\u00e9s, la gen\u00e9tica y la obesidad. Puedes leer algunos consejos en este art\u00edculo sobre c\u00f3mo estabilizar los picos de presi\u00f3n arterial, pero si quieres resultados verdaderamente duraderos que te ayuden a evitar problemas m\u00e1s graves con tu sistema circulatorio, deber\u00edas probar las c\u00e1psulas Bihecol.<\/p>\n<p>Entonces, entendamos para qu\u00e9 sirven, c\u00f3mo funcionan y cu\u00e1les son los ingredientes confiable Bihecol. A diferencia de los productos sint\u00e9ticos, los ingredientes Bihecol farmacia del ahorro son ingredientes activos totalmente naturales como el hibisco, el ginkgo y el ajo.<\/p>\n<h2><b>Contraindicaciones de uso<\/b><\/h2>\n<p>Estos ingredientes son muy eficaces para mantener la presi\u00f3n arterial normal. Este producto para la presi\u00f3n arterial es completamente seguro de tomar y no tiene efectos secundarios ni contraindicaciones conocidas debido a la acci\u00f3n natural de los ingredientes. \u00bfC\u00f3mo tomar Bihecol? En el folleto encontrar\u00e1s el principio activo y el principio de acci\u00f3n Bihecol.<\/p>\n<h2><b>\u00bfInstrucciones de uso de las c\u00e1psulas y como se aplica?<\/b><\/h2>\n<p>El producto est\u00e1 disponible en forma de c\u00e1psulas, que deben tomarse con abundante l\u00edquido. \u00a1Puede encontrar informaci\u00f3n m\u00e1s detallada sobre c\u00f3mo funciona Bihecol donde lo puedo conseguir y c\u00f3mo tomarlo en el sitio web del fabricante!<\/p>\n<p>Un f\u00e1rmaco seguro y de acci\u00f3n r\u00e1pida sin efectos secundarios. Sin duda, esto puede ayudar a normalizar la presi\u00f3n arterial alta.<\/p>\n<h2><b>Eficiencia del medicamento como se usa el Bihecol seg\u00fan los clientes<\/b><\/h2>\n<p><img loading=\"lazy\" decoding=\"async\" class=\"aligncenter size-full wp-image-16\" src=\"http:\/\/www.independientesnoneutrales.cl\/tienda\/wp-content\/uploads\/2024\/09\/Bihecol-2.jpg\" alt=\"Bihecol es bueno o malo\" width=\"500\" height=\"376\" srcset=\"https:\/\/www.independientesnoneutrales.cl\/tienda\/wp-content\/uploads\/2024\/09\/Bihecol-2.jpg 500w, https:\/\/www.independientesnoneutrales.cl\/tienda\/wp-content\/uploads\/2024\/09\/Bihecol-2-300x226.jpg 300w, https:\/\/www.independientesnoneutrales.cl\/tienda\/wp-content\/uploads\/2024\/09\/Bihecol-2-400x300.jpg 400w\" sizes=\"(max-width: 500px) 100vw, 500px\" \/><\/p>\n<p>Quiz\u00e1s tambi\u00e9n quieras leer m\u00e1s consejos de estilo de vida para ayudar a reducir la presi\u00f3n arterial alta. Se recomienda evitar la sal, los alimentos grasos, el alcohol, la cafe\u00edna y comer m\u00e1s frutas y verduras.<\/p>\n<p>Muchas de nuestras preguntas pueden tener respuesta en los comentarios, gracias a las experiencias de otros. La imagen real de la eficacia del producto son las revisiones de donde comprar Bihecol. Los comentarios de los clientes indican que este es un producto muy popular.<\/p>\n<h2><b>\u00bfQu\u00e9 opiniones tienen los usuarios sobre Bihecol?<\/b><\/h2>\n<p>Como se mencion\u00f3 al principio de este art\u00edculo, las opiniones actuales de los usuarios sobre el producto son prometedoras y positivas. En el foro, cualquiera puede leer rese\u00f1as escritas sobre el producto, que demuestran que el producto es realmente eficaz.<\/p>\n<p>&nbsp;<\/p>\n<blockquote><p><b>Finalmente<\/b><\/p>\n<p>Toda mi vida, desde que me controlaron la presi\u00f3n arterial, ha tenido un promedio de 110\/70. Luego, despu\u00e9s de dar a luz, comenc\u00e9 a sentirme deprimida, estresada, comenc\u00e9 a tomar diferentes pastillas (que, por supuesto, no ayudaron) y comenc\u00e9 a sufrir cada vez m\u00e1s de presi\u00f3n arterial alta. Mi ritmo card\u00edaco tambi\u00e9n sigui\u00f3 aumentando y tuve que tomar medicamentos para la presi\u00f3n arterial debido al estr\u00e9s. Busqu\u00e9 en Internet productos con principios activos naturales y le\u00ed muy buenas cr\u00edticas, as\u00ed que los prob\u00e9. Milagro de milagros, mi presi\u00f3n arterial est\u00e1 estable desde hace 3 meses, no hay latidos del coraz\u00f3n, puedo dormir tranquilo. \u00a1Recomiendo esto a todos!<\/p><\/blockquote>\n<p>&nbsp;<\/p>\n<blockquote><p><b>Marinette<\/b><\/p>\n<p>Desafortunadamente, me encontr\u00e9 con el problema de la hipertensi\u00f3n bastante temprano. Llevo casi 7 a\u00f1os luchando contra esta enfermedad. Me examinaron minuciosamente varias veces pero no encontraron nada, as\u00ed que supuse que se deb\u00eda a mi estilo de vida estresante, ya que mi trabajo es muy exigente y estresante (no tengo sobrepeso, no fumo y rara vez bebo caf\u00e9 o alcohol). Estaba buscando un producto que me ayudara de forma natural, sin efectos secundarios. \u00a1Este tiene un efecto calmante muy bueno sobre el sistema nervioso! Ya sent\u00ed una mejora en la primera semana, me sent\u00ed mucho mejor, mi cabeza se volvi\u00f3 m\u00e1s clara y me concentr\u00e9 m\u00e1s en las tareas. Los constantes dolores de cabeza, n\u00e1useas y esos puntos negros y borrosos que ve\u00eda en mi mente durante la crisis desaparecieron.<\/p><\/blockquote>\n<p>&nbsp;<\/p>\n<blockquote><p><b>Pablo<\/b><\/p>\n<p>\u00a1Me sorprendi\u00f3 cuando el m\u00e9dico me dijo que mis lecturas eran de alrededor de 180\/110 con una frecuencia card\u00edaca muy alta! \u00a1Todo se debe al estr\u00e9s! Me dieron muchas pastillas, pero solo las tom\u00e9 durante una semana, luego me dije a m\u00ed mismo que preferir\u00eda cambiar mi estilo de vida que tomarlas por el resto de mi vida. Comenc\u00e9 a hacer ejercicio, hacer dieta y simplemente beber esto todos los d\u00edas para ayudar a mi sistema vascular y a mi coraz\u00f3n. Eleg\u00ed esto porque no tiene efectos secundarios, \u00a1son solo hierbas! \u00a1Informe que mi presi\u00f3n arterial volvi\u00f3 a la normalidad en unos d\u00edas! Tengo suerte, parece que s\u00f3lo el exceso de peso se ha convertido en un problema para m\u00ed, \u00a1y con el tiempo empezar\u00e9 a hacer algo al respecto! Estas c\u00e1psulas realmente funcionan y en muy poco tiempo.<\/p><\/blockquote>\n<p>&nbsp;<\/p>\n<p>\u00a1La experiencia de miles de usuarios demuestra que este producto es eficaz tanto para la prevenci\u00f3n como para el tratamiento de s\u00edntomas ya desarrollados!<\/p>\n<h2><b>\u00bfCu\u00e1l es el precio del producto original?<\/b><\/h2>\n<p>Antes de decirte cu\u00e1nto cuesta walmart Bihecol, debes convenir en que el precio de la prevenci\u00f3n sigue siendo m\u00e1s barato y rentable que tratar un problema que ya ha surgido.<\/p>\n<p>Pero a\u00fan as\u00ed, \u00bfcu\u00e1nto cuesta este producto? Bihecol est\u00e1 disponible para todos, \u00a1especialmente considerando su efectividad! No escatimes en tu salud, porque, seg\u00fan el fabricante, despu\u00e9s de un solo tratamiento \u00a1Se pueden lograr mejoras impresionantes! \u00a1Busque una oferta promocional en el sitio web del fabricante!<\/p>\n<h2><b>\u00bfD\u00f3nde comprar Bihecol? \u00bfD\u00f3nde est\u00e1 Bihecol disponible?<\/b><\/h2>\n<p><img loading=\"lazy\" decoding=\"async\" class=\"aligncenter size-full wp-image-15\" src=\"http:\/\/www.independientesnoneutrales.cl\/tienda\/wp-content\/uploads\/2024\/09\/Bihecol-1.jpg\" alt=\"Bihecol resultados reales\" width=\"500\" height=\"360\" srcset=\"https:\/\/www.independientesnoneutrales.cl\/tienda\/wp-content\/uploads\/2024\/09\/Bihecol-1.jpg 500w, https:\/\/www.independientesnoneutrales.cl\/tienda\/wp-content\/uploads\/2024\/09\/Bihecol-1-300x216.jpg 300w, https:\/\/www.independientesnoneutrales.cl\/tienda\/wp-content\/uploads\/2024\/09\/Bihecol-1-400x288.jpg 400w\" sizes=\"(max-width: 500px) 100vw, 500px\" \/><\/p>\n<p>Ahora que ha aprendido qu\u00e9 resultados puede esperar del producto, ha le\u00eddo las opiniones de los clientes y se ha enterado de que el fabricante ahora ofrece el producto con descuento, querr\u00e1 saber donde lo venden Bihecol.<\/p>\n<p>Este producto no est\u00e1 disponible en farmacias. Pero entonces \u00bfd\u00f3nde est\u00e1 disponible? Las c\u00e1psulas Bihecol precio farmacia del ahorro s\u00f3lo se pueden pedir a trav\u00e9s del sitio web del fabricante.<\/p>\n<p>El fabricante quiere poner su producto al alcance de todos al mejor precio farmacia similares posible y actualmente ofrece un descuento del 50% por tiempo limitado. Bihecol Por lo tanto, no se vende en farmacias, se puede pedir c\u00f3modamente en casa, sin hacer cola, \u00a1con un solo clic en el sitio web del fabricante!<\/p>\n<p>El producto original no est\u00e1 disponible en farmacias, s\u00f3lo en la web oficial del fabricante, exclusivamente online, \u00a1ahora con un 50% de descuento!<\/p>\n<h2><b>\u00bfEs posible comprar en sitios comerciales?<\/b><\/h2>\n<p>\u00a1El producto original no est\u00e1 disponible en el sitio web comercial, solo en el sitio web del fabricante! Puedes encontrar muchas falsificaciones de baja calidad en Internet, \u00a1pero no te dejes enga\u00f1ar si no quieres poner en riesgo tu salud!<\/p>\n<p>\u00a1Elija un producto original! \u00a1Definitivamente no lo comprar\u00e1s en un sitio web comercial, solo del fabricante! El fabricante no es responsable de la autenticidad de las c\u00e1psulas Bihecol solicitadas a recursos de terceros. Si no quieres problemas, pide el producto directamente a la empresa, que adem\u00e1s de un 50% de descuento, tambi\u00e9n ofrece env\u00edo a domicilio gratuito en todo el pa\u00eds.<\/p>\n<p>El producto original, disponible \u00fanicamente en la web oficial del fabricante, s\u00f3lo se puede pedir online, \u00a1ahora con un 50% de descuento!<\/p>\n<h2><b>Preguntas m\u00e1s frecuentes<\/b><\/h2>\n<h3>\u00bfCu\u00e1l es la dosis de las c\u00e1psulas y por cu\u00e1nto tiempo se deben tomar?<\/h3>\n<p>\u00bfCu\u00e1l es la dosis recomendada y durante cu\u00e1nto tiempo debo tomar Bihecol c\u00e1psulas? Seg\u00fan la opini\u00f3n de los expertos del fabricante, incluso un solo ciclo de tratamiento (4 semanas) puede ayudar a reducir la presi\u00f3n arterial de forma permanente.<\/p>\n<h3>\u00bfExisten efectos secundarios por el uso de c\u00e1psulas?<\/h3>\n<p>Dado que el producto est\u00e1 elaborado con ingredientes 100% naturales, su uso es seguro. No se conocen efectos secundarios ni contraindicaciones.<\/p>\n<h3>\u00bfD\u00f3nde comprar c\u00e1psulas?<\/h3>\n<p>\u00a1Puede pedir de forma segura el producto original solo en el sitio web del fabricante!<\/p>\n<h3>\u00bfCu\u00e1les son los m\u00e9todos de pago?<\/h3>\n<p>Puede pagar la mercanc\u00eda solo despu\u00e9s de recibirla o transferirla.<\/p>\n","protected":false},"excerpt":{"rendered":"<p>Las c\u00e1psulas Bihecol son un suplemento natural de origen vegetal dise\u00f1ado para prevenir y tratar eficazmente la hipertensi\u00f3n arterial, especialmente en personas con estilos de vida sedentarios y estresantes. Con ingredientes 100% naturales, su eficacia ha sido respaldada por excelentes cr\u00edticas y opiniones de usuarios satisfechos que destacan su impacto positivo en la salud cardiovascular.<\/p>\n","protected":false},"featured_media":14,"comment_status":"open","ping_status":"closed","template":"","meta":[],"product_cat":[15],"product_tag":[],"_links":{"self":[{"href":"https:\/\/www.independientesnoneutrales.cl\/tienda\/wp-json\/wp\/v2\/product\/42"}],"collection":[{"href":"https:\/\/www.independientesnoneutrales.cl\/tienda\/wp-json\/wp\/v2\/product"}],"about":[{"href":"https:\/\/www.independientesnoneutrales.cl\/tienda\/wp-json\/wp\/v2\/types\/product"}],"replies":[{"embeddable":true,"href":"https:\/\/www.independientesnoneutrales.cl\/tienda\/wp-json\/wp\/v2\/comments?post=42"}],"wp:featuredmedia":[{"embeddable":true,"href":"https:\/\/www.independientesnoneutrales.cl\/tienda\/wp-json\/wp\/v2\/media\/14"}],"wp:attachment":[{"href":"https:\/\/www.independientesnoneutrales.cl\/tienda\/wp-json\/wp\/v2\/media?parent=42"}],"wp:term":[{"taxonomy":"product_cat","embeddable":true,"href":"https:\/\/www.independientesnoneutrales.cl\/tienda\/wp-json\/wp\/v2\/product_cat?post=42"},{"taxonomy":"product_tag","embeddable":true,"href":"https:\/\/www.independientesnoneutrales.cl\/tienda\/wp-json\/wp\/v2\/product_tag?post=42"}],"curies":[{"name":"wp","href":"https:\/\/api.w.org\/{rel}","templated":true}]}}