{"id":40,"date":"2024-09-24T19:23:53","date_gmt":"2024-09-24T17:23:53","guid":{"rendered":"https:\/\/www.independientesnoneutrales.cl\/tienda\/?post_type=product&#038;p=40"},"modified":"2024-10-30T11:53:48","modified_gmt":"2024-10-30T10:53:48","slug":"oxys","status":"publish","type":"product","link":"https:\/\/www.independientesnoneutrales.cl\/tienda\/product\/oxys\/","title":{"rendered":"Oxys crema comprar"},"content":{"rendered":"<table>\n<tbody>\n<tr>\n<td>Sitio web<\/td>\n<td><a href=\"https:\/\/www.oxyscrema.shop\/\">oxyscrema.shop<\/a><\/td>\n<\/tr>\n<tr>\n<td>Acci\u00f3n<\/td>\n<td>\u2714 Suaviza la piel;<br \/>\n\u2714 Unifica la tez;<br \/>\n\u2714 Elimina l\u00edneas finas y arrugas;<br \/>\n\u2714 Hidrata la dermis.<\/td>\n<\/tr>\n<tr>\n<td>Componentes<\/td>\n<td>Combina extractos de hierbas raras y un alto porcentaje de vitaminas y minerales que nutren la piel y estimulan su regeneraci\u00f3n.<\/td>\n<\/tr>\n<tr>\n<td>Instrucciones de uso<\/td>\n<td>\u2714 Limpia la piel de tu rostro;<br \/>\n\u2714 Aplicar el producto dos veces al d\u00eda: ma\u00f1ana y noche;<br \/>\n\u2714 No lavar, dejar absorber.<\/td>\n<\/tr>\n<tr>\n<td>Volumen<\/td>\n<td>65 ml<\/td>\n<\/tr>\n<tr>\n<td>Precio<\/td>\n<td>\ud83d\uded1 780 MXN<\/td>\n<\/tr>\n<tr>\n<td>Entrega<\/td>\n<td>alrededor de 7 d\u00edas<\/td>\n<\/tr>\n<\/tbody>\n<\/table>\n<h2><b>Oxys \u2013 crema de triple acci\u00f3n para una piel suave<\/b><\/h2>\n<p><img loading=\"lazy\" decoding=\"async\" class=\"aligncenter size-full wp-image-25\" src=\"http:\/\/www.independientesnoneutrales.cl\/tienda\/wp-content\/uploads\/2024\/09\/Oxys-5.jpg\" alt=\"Oxys donde comprar\" width=\"500\" height=\"417\" srcset=\"https:\/\/www.independientesnoneutrales.cl\/tienda\/wp-content\/uploads\/2024\/09\/Oxys-5.jpg 500w, https:\/\/www.independientesnoneutrales.cl\/tienda\/wp-content\/uploads\/2024\/09\/Oxys-5-300x250.jpg 300w, https:\/\/www.independientesnoneutrales.cl\/tienda\/wp-content\/uploads\/2024\/09\/Oxys-5-360x300.jpg 360w\" sizes=\"(max-width: 500px) 100vw, 500px\" \/><\/p>\n<p>Oxys \u2013 crema natural para una piel suave y sin arrugas ni imperfecciones. En este texto consideraremos todos los aspectos relacionados con las caracter\u00edsticas espec\u00edficas del bioproducto: \u00bfQu\u00e9 es Oxys, la acci\u00f3n y propiedades de la crema antiarrugas? \u00bfC\u00f3mo utilizar el producto &#8211; instrucciones de uso? \u00bfQu\u00e9 escribe la gente en sus opiniones y comentarios? \u00bfCu\u00e1nto cuesta Oxys? Precio y donde lo venden. \u00bfSe vende en una farmacia?<\/p>\n<p>Para que sirve Oxys es un producto especial para revitalizar la piel y ralentizar el proceso de envejecimiento. Una crema biocosm\u00e9tica eficaz tiene un triple efecto sobre la dermis: suaviza las imperfecciones, suaviza la piel, le devuelve su elasticidad y su apariencia juvenil. El cuidado facial diario con Oxys ayuda a eliminar arrugas y l\u00edneas de expresi\u00f3n. La asombrosa f\u00f3rmula natural del producto acelera la producci\u00f3n natural de elastina y col\u00e1geno en la piel. Adem\u00e1s, los extractos de hierbas de la crema no provocan quejas sobre efectos secundarios ni otras contraindicaciones.<\/p>\n<p>Los usuarios ya tienen impresiones sobre la eficacia de Oxys y comparten opiniones y comentarios sobre el producto. Se pueden leer cientos de rese\u00f1as personales en los portales de discusi\u00f3n tem\u00e1ticos. Compartiremos informaci\u00f3n m\u00e1s detallada sobre esto a continuaci\u00f3n y tambi\u00e9n revelaremos el precio de la crema facial biorevitalizante.<\/p>\n<h2><b>Envejecimiento prematuro &#8211; causas<\/b><\/h2>\n<p>Se sabe que con la edad se producen cambios en el cuerpo y la apariencia humanos. El m\u00e1s notable de ellos est\u00e1 relacionado con los cambios estructurales que ocurren en la piel. Con el paso de los a\u00f1os, se relaja y pierde elasticidad. En el rostro aparecen l\u00edneas finas y arrugas, tez desigual e hinchaz\u00f3n. En este contexto, los cient\u00edficos han escrito cientos de art\u00edculos cient\u00edficos que arrojan m\u00e1s luz sobre las causas que conducen al envejecimiento prematuro. Algunos de ellos parecen ser m\u00e1s comunes que otros. Por supuesto, la deshidrataci\u00f3n es la m\u00e1s evidente. Los procesos naturales que ocurren en el cuerpo con el tiempo crean las condiciones adecuadas para la relajaci\u00f3n de la dermis. Pierde brillo, elasticidad y vitalidad. Esto se debe principalmente a la ralentizaci\u00f3n de los procesos asociados a la regeneraci\u00f3n celular.<\/p>\n<p>Los factores externos que propician la aparici\u00f3n prematura de arrugas son:<\/p>\n<ul>\n<li aria-level=\"1\">Consumo insuficiente de agua;<\/li>\n<li aria-level=\"1\">Exposici\u00f3n a la luz solar intensa;<\/li>\n<li aria-level=\"1\">Aumento de los niveles de estr\u00e9s;<\/li>\n<li aria-level=\"1\">Consumo regular de alimentos nocivos;<\/li>\n<li aria-level=\"1\">De fumar;<\/li>\n<li aria-level=\"1\">Aplicaci\u00f3n frecuente de maquillaje pesado.<\/li>\n<\/ul>\n<h2><b>\u00bfQu\u00e9 es Oxys? \u00bfSe regenera la piel?<\/b><\/h2>\n<p><img loading=\"lazy\" decoding=\"async\" class=\"aligncenter size-full wp-image-24\" src=\"http:\/\/www.independientesnoneutrales.cl\/tienda\/wp-content\/uploads\/2024\/09\/Oxys-4.jpg\" alt=\"Oxys donde lo puedo conseguir\" width=\"500\" height=\"335\" srcset=\"https:\/\/www.independientesnoneutrales.cl\/tienda\/wp-content\/uploads\/2024\/09\/Oxys-4.jpg 500w, https:\/\/www.independientesnoneutrales.cl\/tienda\/wp-content\/uploads\/2024\/09\/Oxys-4-300x201.jpg 300w, https:\/\/www.independientesnoneutrales.cl\/tienda\/wp-content\/uploads\/2024\/09\/Oxys-4-400x268.jpg 400w\" sizes=\"(max-width: 500px) 100vw, 500px\" \/><\/p>\n<p>Oxys es un producto biocosm\u00e9tico de rejuvenecimiento de alta calidad, desarrollado como crema facial. El producto elimina imperfecciones como arrugas y tez desigual. Oxys debe su eficacia a las c\u00e9lulas madre vegetales, que se incluyen en la f\u00f3rmula patentada de la crema. Estos extractos especiales estimulan la regeneraci\u00f3n de las c\u00e9lulas d\u00e9rmicas, lo que da como resultado una apariencia de la piel significativamente m\u00e1s tonificada, el\u00e1stica y fresca. Oxys tiene un efecto triple: hidrata, nutre y restaura la piel. La composici\u00f3n de los biocosm\u00e9ticos es completamente org\u00e1nica, ya que no contiene compuestos qu\u00edmicos peligrosos. Por eso el producto no provoca efectos secundarios ni quejas de los clientes.<\/p>\n<h2><b>Propiedades y efecto de la crema bio-face es bueno o malo<\/b><\/h2>\n<p>Entre las principales propiedades beneficiosas de la crema Oxys se encuentran resultados reales:<\/p>\n<ol>\n<li aria-level=\"1\">Suaviza la piel;<\/li>\n<li aria-level=\"1\">Unifica la tez;<\/li>\n<li aria-level=\"1\">Elimina l\u00edneas finas y arrugas;<\/li>\n<li aria-level=\"1\">Hidrata la dermis;<\/li>\n<li aria-level=\"1\">Restaura la elasticidad;<\/li>\n<li aria-level=\"1\">Protege contra factores externos que provocan el envejecimiento prematuro.<\/li>\n<\/ol>\n<h2><b>\u00bfC\u00f3mo aplicar la crema en tu cara Oxys?<\/b><\/h2>\n<p>S\u00f3lo necesitas leer las instrucciones de como se usa el Oxys. Siga el m\u00e9todo de uso prescrito y pronto notar\u00e1 los resultados. Una cosmet\u00f3loga con m\u00e1s de 15 a\u00f1os de experiencia profesional dice que la biocrema contiene c\u00e9lulas madre, gracias a las cuales los primeros resultados son visibles en un mes: las arrugas se suavizan y la piel se vuelve radiante. Seg\u00fan la informaci\u00f3n de las instrucciones, la duraci\u00f3n recomendada de uso de la f\u00f3rmula antienvejecimiento es de aproximadamente 1 mes. Luego podr\u00e1s tomarte un breve descanso.<\/p>\n<h3>\u00bfC\u00f3mo utilizar Oxys y c\u00f3mo se aplica?<\/h3>\n<p>Instrucciones:<\/p>\n<ol>\n<li aria-level=\"1\">Limpia la piel de tu rostro;<\/li>\n<li aria-level=\"1\">Aplicar el producto dos veces al d\u00eda: ma\u00f1ana y noche;<\/li>\n<li aria-level=\"1\">No lavar, dejar absorber.<\/li>\n<\/ol>\n<h2><b>Efectos secundarios<\/b><\/h2>\n<p>Oxys es una crema anti-envejecimiento natural que no provoca efectos secundarios ni quejas de los clientes. Esto se debe a la especial biocomposici\u00f3n del producto cosm\u00e9tico. No contiene compuestos qu\u00edmicos peligrosos. Como resultado, puedes utilizar la crema sin preocuparte por los efectos secundarios.<\/p>\n<h2><b>Composici\u00f3n y componentes principales de la crema facial<br \/>\n<\/b><\/h2>\n<p><img loading=\"lazy\" decoding=\"async\" class=\"aligncenter size-full wp-image-23\" src=\"http:\/\/www.independientesnoneutrales.cl\/tienda\/wp-content\/uploads\/2024\/09\/Oxys-3.jpg\" alt=\"Oxys farmacia del ahorro\" width=\"500\" height=\"409\" srcset=\"https:\/\/www.independientesnoneutrales.cl\/tienda\/wp-content\/uploads\/2024\/09\/Oxys-3.jpg 500w, https:\/\/www.independientesnoneutrales.cl\/tienda\/wp-content\/uploads\/2024\/09\/Oxys-3-300x245.jpg 300w, https:\/\/www.independientesnoneutrales.cl\/tienda\/wp-content\/uploads\/2024\/09\/Oxys-3-367x300.jpg 367w\" sizes=\"(max-width: 500px) 100vw, 500px\" \/><\/p>\n<p>Oxys se basa en una composici\u00f3n 100% natural. Combina extractos de hierbas raras y un alto porcentaje de vitaminas y minerales que nutren la piel y estimulan su regeneraci\u00f3n. F\u00f3rmula Oxys es una verdadera innovaci\u00f3n en la industria cosm\u00e9tica. La crema elimina con \u00e9xito los signos del envejecimiento, suaviza las arrugas y restaura la elasticidad de la dermis.<\/p>\n<p>El ingrediente principal de la crema facial Oxys es:<\/p>\n<ul>\n<li aria-level=\"1\"><b>C\u00e9lulas madre vegetales: <\/b>este biocomponente patentado activa con \u00e9xito los procesos naturales de rejuvenecimiento de la piel. Penetra en la capa externa de la dermis y acelera la divisi\u00f3n celular, prolongando su ciclo vital. Gracias a esto, la piel se restaura. se restaura y renueva: se logra un efecto rejuvenecedor duradero.<\/li>\n<\/ul>\n<h2><b>\u00bfQu\u00e9 escribe la gente en las rese\u00f1as sobre la crema Oxys?<\/b><\/h2>\n<p>Nuestro equipo recopil\u00f3 f\u00e1cilmente muchas cr\u00edticas y opiniones positivas en Oxys. Los clientes escriben en grandes sitios web sobre belleza y salud. Todas las personas que han tocado personalmente el producto regenerador elogian sus sorprendentes propiedades anti-envejecimiento. Las opiniones y rese\u00f1as disponibles sobre Oxys funciona muestran que su principal ventaja es su composici\u00f3n hipoalerg\u00e9nica y natural. Probablemente por todos estos motivos, muchos dermat\u00f3logos ya recomiendan la crema a sus pacientes. En este sentido, hay bastantes rese\u00f1as y opiniones profesionales generales sobre confiable Oxys. Esto s\u00f3lo demuestra las incomparables propiedades de esta marca, as\u00ed como su autenticidad y alta calidad.<\/p>\n<h2><b>Opiniones de clientes sobre Oxys<\/b><\/h2>\n<p><img loading=\"lazy\" decoding=\"async\" class=\"aligncenter size-full wp-image-22\" src=\"http:\/\/www.independientesnoneutrales.cl\/tienda\/wp-content\/uploads\/2024\/09\/Oxys-2.jpg\" alt=\"Oxys opiniones\" width=\"500\" height=\"461\" srcset=\"https:\/\/www.independientesnoneutrales.cl\/tienda\/wp-content\/uploads\/2024\/09\/Oxys-2.jpg 500w, https:\/\/www.independientesnoneutrales.cl\/tienda\/wp-content\/uploads\/2024\/09\/Oxys-2-300x277.jpg 300w, https:\/\/www.independientesnoneutrales.cl\/tienda\/wp-content\/uploads\/2024\/09\/Oxys-2-325x300.jpg 325w\" sizes=\"(max-width: 500px) 100vw, 500px\" \/><\/p>\n<blockquote><p><b>Hanny<\/b><\/p>\n<p>Despu\u00e9s de usar Oxys farmacia del ahorro durante un mes, mi piel qued\u00f3 como despu\u00e9s de un lifting: \u00a1aterciopelada, suave, las arrugas alrededor de los ojos y los labios se suavizaron! Hace varios a\u00f1os me inyectaron Botox, pero despu\u00e9s de ellas qued\u00f3 claro que los m\u00fasculos faciales estaban paralizados y mi cara parec\u00eda sin vida. \u00a1Y despu\u00e9s de esta crema, tanto la piel como el rostro est\u00e1n vivos! Nunca m\u00e1s volver\u00e9 a ponerme inyecciones, \u00a1la crema Oxys donde lo puedo conseguir es mucho m\u00e1s efectiva, m\u00e1s placentera y m\u00e1s barata!<\/p><\/blockquote>\n<p>&nbsp;<\/p>\n<blockquote><p><b>Brenda<\/b><\/p>\n<p>No ten\u00eda arrugas muy obvias, pero ten\u00eda muchas arrugas faciales. Las cremas habituales ya han dejado de funcionar, pero la crema Oxys en tan solo 2 semanas no solo elimin\u00f3 las arrugas, sino que tambi\u00e9n tens\u00f3 y refresc\u00f3 la piel. Es sencillo de utilizar, el aroma y la textura son muy agradables, \u00a1pero lo m\u00e1s importante es el resultado espectacular!<\/p><\/blockquote>\n<p>&nbsp;<\/p>\n<blockquote><p><b>Samantha<\/b><\/p>\n<p>Cuando vi c\u00f3mo Oxys precio farmacia del ahorro afect\u00f3 a mi vecino, \u00a1inmediatamente lo ped\u00ed para m\u00ed! Hasta ahora solo lo he estado usando durante 3 d\u00edas, pero estoy seguro de que obtendr\u00e1 excelentes resultados. Me gusta mucho el aroma de este producto, la consistencia es bastante agradable y se absorbe r\u00e1pidamente. En general no hay problemas con su uso, solo hay que esperar un poco m\u00e1s hasta conseguir el efecto.<\/p><\/blockquote>\n<h2><b>\u00bfCu\u00e1nto cuesta y d\u00f3nde comprarlo?<\/b><\/h2>\n<p>Los compradores tienen la oportunidad de comprar la crema original Oxys a un precio asequible. Visite el sitio web oficial de cosm\u00e9tica anti-envejecimiento, complete el formulario de pedido, indicando la informaci\u00f3n necesaria para la entrega a la direcci\u00f3n. Al final de este proceso r\u00e1pido y sencillo tambi\u00e9n recibir\u00e1s un precio muy atractivo donde comprar Oxys.<\/p>\n<p>El fabricante del producto biocosm\u00e9tico promociona peri\u00f3dicamente la marca a trav\u00e9s de diversos descuentos y promociones especiales. Sigue la p\u00e1gina web y aprov\u00e9chalas para conseguir un precio farmacia similares muy asequible Oxys.<\/p>\n<h2><b>\u00bfHay Oxys en la farmacia?<\/b><\/h2>\n<p><img loading=\"lazy\" decoding=\"async\" class=\"aligncenter size-full wp-image-21\" src=\"http:\/\/www.independientesnoneutrales.cl\/tienda\/wp-content\/uploads\/2024\/09\/Oxys-1.jpg\" alt=\"Oxys confiable\" width=\"500\" height=\"413\" srcset=\"https:\/\/www.independientesnoneutrales.cl\/tienda\/wp-content\/uploads\/2024\/09\/Oxys-1.jpg 500w, https:\/\/www.independientesnoneutrales.cl\/tienda\/wp-content\/uploads\/2024\/09\/Oxys-1-300x248.jpg 300w, https:\/\/www.independientesnoneutrales.cl\/tienda\/wp-content\/uploads\/2024\/09\/Oxys-1-363x300.jpg 363w\" sizes=\"(max-width: 500px) 100vw, 500px\" \/><\/p>\n<p>Por el momento, Oxys no se vende en farmacias ni en webs comerciales. El distribuidor oficial de la crema no trabaja con otros intermediarios, por lo que todos los compradores deben visitar la p\u00e1gina especial del producto. Si ve una marca similar en una farmacia u otra tienda que imita visualmente a Oxys, entonces se trata de una estafa y una imitaci\u00f3n falsa. Le recomendamos encarecidamente que utilice \u00fanicamente el m\u00e9todo legal de pedido Oxys y no lo busque en una farmacia.<\/p>\n<p>Crema facial biocosm\u00e9tica natural walmart Oxys rejuvenece eficazmente la piel, alisando las l\u00edneas finas y las arrugas. La composici\u00f3n del producto cosm\u00e9tico es completamente org\u00e1nica y no provoca efectos secundarios. Los compradores escriben cr\u00edticas positivas al respecto y lo recomiendan entre otros productos similares del mercado.<\/p>\n","protected":false},"excerpt":{"rendered":"<p>Oxys es una crema natural dise\u00f1ada para revitalizar la piel, suavizar arrugas e imperfecciones, y devolverle su elasticidad y apariencia juvenil. Su f\u00f3rmula biocosm\u00e9tica eficaz estimula la producci\u00f3n de elastina y col\u00e1geno, garantizando un cuidado facial diario que ayuda a eliminar l\u00edneas de expresi\u00f3n sin causar efectos secundarios.<\/p>\n","protected":false},"featured_media":20,"comment_status":"open","ping_status":"closed","template":"","meta":[],"product_cat":[15],"product_tag":[],"_links":{"self":[{"href":"https:\/\/www.independientesnoneutrales.cl\/tienda\/wp-json\/wp\/v2\/product\/40"}],"collection":[{"href":"https:\/\/www.independientesnoneutrales.cl\/tienda\/wp-json\/wp\/v2\/product"}],"about":[{"href":"https:\/\/www.independientesnoneutrales.cl\/tienda\/wp-json\/wp\/v2\/types\/product"}],"replies":[{"embeddable":true,"href":"https:\/\/www.independientesnoneutrales.cl\/tienda\/wp-json\/wp\/v2\/comments?post=40"}],"wp:featuredmedia":[{"embeddable":true,"href":"https:\/\/www.independientesnoneutrales.cl\/tienda\/wp-json\/wp\/v2\/media\/20"}],"wp:attachment":[{"href":"https:\/\/www.independientesnoneutrales.cl\/tienda\/wp-json\/wp\/v2\/media?parent=40"}],"wp:term":[{"taxonomy":"product_cat","embeddable":true,"href":"https:\/\/www.independientesnoneutrales.cl\/tienda\/wp-json\/wp\/v2\/product_cat?post=40"},{"taxonomy":"product_tag","embeddable":true,"href":"https:\/\/www.independientesnoneutrales.cl\/tienda\/wp-json\/wp\/v2\/product_tag?post=40"}],"curies":[{"name":"wp","href":"https:\/\/api.w.org\/{rel}","templated":true}]}}